{"id":3144,"date":"2025-08-12T22:20:01","date_gmt":"2025-08-12T22:20:01","guid":{"rendered":"https:\/\/ceramicaseijas.com\/?page_id=3144"},"modified":"2025-08-13T17:35:41","modified_gmt":"2025-08-13T17:35:41","slug":"cuidados-de-la-ceramica","status":"publish","type":"page","link":"https:\/\/ceramicaseijas.com\/en\/cuidados-de-la-ceramica\/","title":{"rendered":"Cuidados de la cer\u00e1mica"},"content":{"rendered":"<div data-elementor-type=\"wp-page\" data-elementor-id=\"3144\" class=\"elementor elementor-3144\" data-elementor-post-type=\"page\">\n\t\t\t\t<section class=\"elementor-element elementor-element-efc78f7 e-con-full e-flex e-con e-parent\" data-id=\"efc78f7\" data-element_type=\"container\" id=\"sobre-mi\" data-settings=\"{&quot;background_background&quot;:&quot;classic&quot;}\">\n\t\t<div class=\"elementor-element elementor-element-9554fc4 e-con-full e-flex e-con e-child\" data-id=\"9554fc4\" data-element_type=\"container\">\n\t\t<div class=\"elementor-element elementor-element-7b056a0 e-flex e-con-boxed e-con e-child\" data-id=\"7b056a0\" data-element_type=\"container\">\n\t\t\t\t\t<div class=\"e-con-inner\">\n\t\t<div class=\"elementor-element elementor-element-80db64d e-con-full e-flex e-con e-child\" data-id=\"80db64d\" data-element_type=\"container\">\n\t\t<div class=\"elementor-element elementor-element-f53a88f e-con-full e-flex e-con e-child\" data-id=\"f53a88f\" data-element_type=\"container\">\n\t\t\t\t<div class=\"elementor-element elementor-element-d1136fe elementor-widget elementor-widget-heading\" data-id=\"d1136fe\" data-element_type=\"widget\" data-widget_type=\"heading.default\">\n\t\t\t\t<div class=\"elementor-widget-container\">\n\t\t\t\t\t<h1 class=\"elementor-heading-title elementor-size-default\">Cuidados de la cer\u00e1mica<\/h1>\t\t\t\t<\/div>\n\t\t\t\t<\/div>\n\t\t\t\t<\/div>\n\t\t\t\t<\/div>\n\t\t\t\t\t<\/div>\n\t\t\t\t<\/div>\n\t\t\t\t<\/div>\n\t\t\t\t<\/section>\n\t\t<div class=\"elementor-element elementor-element-f0993a0 e-flex e-con-boxed e-con e-parent\" data-id=\"f0993a0\" data-element_type=\"container\">\n\t\t\t\t\t<div class=\"e-con-inner\">\n\t\t<div class=\"elementor-element elementor-element-f0108ef e-con-full e-flex e-con e-child\" data-id=\"f0108ef\" data-element_type=\"container\">\n\t\t\t\t<\/div>\n\t\t<div class=\"elementor-element elementor-element-4b8e5a9 e-con-full e-flex e-con e-child\" data-id=\"4b8e5a9\" data-element_type=\"container\">\n\t\t\t\t<\/div>\n\t\t\t\t\t<\/div>\n\t\t\t\t<\/div>\n\t\t<div class=\"elementor-element elementor-element-72a1f04 e-flex e-con-boxed e-con e-parent\" data-id=\"72a1f04\" data-element_type=\"container\">\n\t\t\t\t\t<div class=\"e-con-inner\">\n\t\t<div class=\"elementor-element elementor-element-dee1e90 e-con-full e-flex e-con e-child\" data-id=\"dee1e90\" data-element_type=\"container\">\n\t\t\t\t<div class=\"elementor-element elementor-element-f1c36fa elementor-widget-tablet__width-inherit elementor-widget elementor-widget-text-editor\" data-id=\"f1c36fa\" data-element_type=\"widget\" data-widget_type=\"text-editor.default\">\n\t\t\t\t<div class=\"elementor-widget-container\">\n\t\t\t\t\t\t\t\t\t<p>Mis piezas son horneadas a temperaturas que van de los 1,100 a los 1,222\u202f\u00b0C, lo que les otorga una alta resistencia. Sin embargo, es importante tratarlas con cuidado para preservar su estado ideal. La durabilidad de cada producto depender\u00e1, en gran medida, del uso y cuidado que reciba.<\/p><p>Las piezas utilitarias son aptas para lavavajillas, microondas y refrigeraci\u00f3n. Sin embargo, hay que evitar cambios bruscos de temperatura, ya que los choques t\u00e9rmicos podr\u00edan provocar fracturas en la pieza.<\/p><p>Si al cabo de mucho uso en piezas como platos, puede que los esmaltes presenten marcas superficiales causadas por cubiertos de metal. Estas no da\u00f1an la cer\u00e1mica, ya que son residuos del propio metal. Para eliminarlas, te recomiendo el limpiador Bar Keepers Friend &amp; Polish.<\/p><p>Cada una de mis piezas est\u00e1 elaborada de forma artesanal y hecha por m\u00ed, a mano. Por lo mismo, es com\u00fan que haya ligeras variaciones en color, tama\u00f1o o forma. Estas diferencias son propias de la cer\u00e1mica hecha a mano, que le otorgan car\u00e1cter y autenticidad.<\/p>\t\t\t\t\t\t\t\t<\/div>\n\t\t\t\t<\/div>\n\t\t\t\t<\/div>\n\t\t<div class=\"elementor-element elementor-element-427993d e-con-full e-flex e-con e-child\" data-id=\"427993d\" data-element_type=\"container\" data-settings=\"{&quot;background_background&quot;:&quot;classic&quot;}\">\n\t\t\t\t<\/div>\n\t\t\t\t\t<\/div>\n\t\t\t\t<\/div>\n\t\t<div class=\"elementor-element elementor-element-c5b7e48 e-flex e-con-boxed e-con e-parent\" data-id=\"c5b7e48\" data-element_type=\"container\">\n\t\t\t\t\t<div class=\"e-con-inner\">\n\t\t\t\t<div class=\"elementor-element elementor-element-eb3bb20 elementor-widget elementor-widget-spacer\" data-id=\"eb3bb20\" data-element_type=\"widget\" data-widget_type=\"spacer.default\">\n\t\t\t\t<div class=\"elementor-widget-container\">\n\t\t\t\t\t\t\t<div class=\"elementor-spacer\">\n\t\t\t<div class=\"elementor-spacer-inner\"><\/div>\n\t\t<\/div>\n\t\t\t\t\t\t<\/div>\n\t\t\t\t<\/div>\n\t\t\t\t\t<\/div>\n\t\t\t\t<\/div>\n\t\t\t\t<\/div>","protected":false},"excerpt":{"rendered":"<p>Cuidados de la cer\u00e1mica Mis piezas son horneadas a temperaturas que van de los 1,100 a los 1,222\u202f\u00b0C, lo que les otorga una alta resistencia. Sin embargo, es importante tratarlas con cuidado para preservar su estado ideal. La durabilidad de cada producto depender\u00e1, en gran medida, del uso y cuidado que reciba. Las piezas utilitarias [&hellip;]<\/p>","protected":false},"author":1,"featured_media":2717,"parent":0,"menu_order":0,"comment_status":"closed","ping_status":"closed","template":"elementor_header_footer","meta":{"footnotes":""},"class_list":["post-3144","page","type-page","status-publish","has-post-thumbnail","hentry"],"yoast_head":"<!-- This site is optimized with the Yoast SEO plugin v25.7 - https:\/\/yoast.com\/wordpress\/plugins\/seo\/ -->\n<title>Cuidados de la cer\u00e1mica - Cer\u00e1mica Seijas<\/title>\n<meta name=\"description\" content=\"Eleva tus espacios con cer\u00e1mica contempor\u00e1nea. Bowls, floreros, tazas y m\u00e1s, hechos a mano en M\u00e9xico. Estilo natural en cada detalle.\" \/>\n<meta name=\"robots\" content=\"index, follow, max-snippet:-1, max-image-preview:large, max-video-preview:-1\" \/>\n<link rel=\"canonical\" href=\"https:\/\/ceramicaseijas.com\/en\/cuidados-de-la-ceramica\/\" \/>\n<meta property=\"og:locale\" content=\"en_US\" \/>\n<meta property=\"og:type\" content=\"article\" \/>\n<meta property=\"og:title\" content=\"Cuidados de la cer\u00e1mica - Cer\u00e1mica Seijas\" \/>\n<meta property=\"og:description\" content=\"Eleva tus espacios con cer\u00e1mica contempor\u00e1nea. Bowls, floreros, tazas y m\u00e1s, hechos a mano en M\u00e9xico. Estilo natural en cada detalle.\" \/>\n<meta property=\"og:url\" content=\"https:\/\/ceramicaseijas.com\/en\/cuidados-de-la-ceramica\/\" \/>\n<meta property=\"og:site_name\" content=\"Cer\u00e1mica Seijas\" \/>\n<meta property=\"article:modified_time\" content=\"2025-08-13T17:35:41+00:00\" \/>\n<meta property=\"og:image\" content=\"https:\/\/ceramicaseijas.com\/wp-content\/uploads\/2025\/07\/og.jpg\" \/>\n\t<meta property=\"og:image:width\" content=\"1200\" \/>\n\t<meta property=\"og:image:height\" content=\"630\" \/>\n\t<meta property=\"og:image:type\" content=\"image\/jpeg\" \/>\n<meta name=\"twitter:card\" content=\"summary_large_image\" \/>\n<meta name=\"twitter:label1\" content=\"Est. reading time\" \/>\n\t<meta name=\"twitter:data1\" content=\"1 minute\" \/>\n<script type=\"application\/ld+json\" class=\"yoast-schema-graph\">{\"@context\":\"https:\/\/schema.org\",\"@graph\":[{\"@type\":\"WebPage\",\"@id\":\"https:\/\/ceramicaseijas.com\/cuidados-de-la-ceramica\/\",\"url\":\"https:\/\/ceramicaseijas.com\/cuidados-de-la-ceramica\/\",\"name\":\"Cuidados de la cer\u00e1mica - Cer\u00e1mica Seijas\",\"isPartOf\":{\"@id\":\"https:\/\/ceramicaseijas.com\/#website\"},\"primaryImageOfPage\":{\"@id\":\"https:\/\/ceramicaseijas.com\/cuidados-de-la-ceramica\/#primaryimage\"},\"image\":{\"@id\":\"https:\/\/ceramicaseijas.com\/cuidados-de-la-ceramica\/#primaryimage\"},\"thumbnailUrl\":\"https:\/\/ceramicaseijas.com\/wp-content\/uploads\/2025\/07\/og.jpg\",\"datePublished\":\"2025-08-12T22:20:01+00:00\",\"dateModified\":\"2025-08-13T17:35:41+00:00\",\"description\":\"Eleva tus espacios con cer\u00e1mica contempor\u00e1nea. Bowls, floreros, tazas y m\u00e1s, hechos a mano en M\u00e9xico. Estilo natural en cada detalle.\",\"breadcrumb\":{\"@id\":\"https:\/\/ceramicaseijas.com\/cuidados-de-la-ceramica\/#breadcrumb\"},\"inLanguage\":\"en-US\",\"potentialAction\":[{\"@type\":\"ReadAction\",\"target\":[\"https:\/\/ceramicaseijas.com\/cuidados-de-la-ceramica\/\"]}]},{\"@type\":\"ImageObject\",\"inLanguage\":\"en-US\",\"@id\":\"https:\/\/ceramicaseijas.com\/cuidados-de-la-ceramica\/#primaryimage\",\"url\":\"https:\/\/ceramicaseijas.com\/wp-content\/uploads\/2025\/07\/og.jpg\",\"contentUrl\":\"https:\/\/ceramicaseijas.com\/wp-content\/uploads\/2025\/07\/og.jpg\",\"width\":1200,\"height\":630},{\"@type\":\"BreadcrumbList\",\"@id\":\"https:\/\/ceramicaseijas.com\/cuidados-de-la-ceramica\/#breadcrumb\",\"itemListElement\":[{\"@type\":\"ListItem\",\"position\":1,\"name\":\"Portada\",\"item\":\"https:\/\/ceramicaseijas.com\/\"},{\"@type\":\"ListItem\",\"position\":2,\"name\":\"Cuidados de la cer\u00e1mica\"}]},{\"@type\":\"WebSite\",\"@id\":\"https:\/\/ceramicaseijas.com\/#website\",\"url\":\"https:\/\/ceramicaseijas.com\/\",\"name\":\"Cer\u00e1mica Seijas\",\"description\":\"Cer\u00e1mica artesanal hecha a mano con mucho amor\",\"publisher\":{\"@id\":\"https:\/\/ceramicaseijas.com\/#organization\"},\"potentialAction\":[{\"@type\":\"SearchAction\",\"target\":{\"@type\":\"EntryPoint\",\"urlTemplate\":\"https:\/\/ceramicaseijas.com\/?s={search_term_string}\"},\"query-input\":{\"@type\":\"PropertyValueSpecification\",\"valueRequired\":true,\"valueName\":\"search_term_string\"}}],\"inLanguage\":\"en-US\"},{\"@type\":\"Organization\",\"@id\":\"https:\/\/ceramicaseijas.com\/#organization\",\"name\":\"Cer\u00e1mica Seijas\",\"url\":\"https:\/\/ceramicaseijas.com\/\",\"logo\":{\"@type\":\"ImageObject\",\"inLanguage\":\"en-US\",\"@id\":\"https:\/\/ceramicaseijas.com\/#\/schema\/logo\/image\/\",\"url\":\"https:\/\/ceramicaseijas.com\/wp-content\/uploads\/2025\/06\/logo-seijas.svg\",\"contentUrl\":\"https:\/\/ceramicaseijas.com\/wp-content\/uploads\/2025\/06\/logo-seijas.svg\",\"width\":200,\"height\":45,\"caption\":\"Cer\u00e1mica Seijas\"},\"image\":{\"@id\":\"https:\/\/ceramicaseijas.com\/#\/schema\/logo\/image\/\"}}]}<\/script>\n<!-- \/ Yoast SEO plugin. -->","yoast_head_json":{"title":"Cuidados de la cer\u00e1mica - Cer\u00e1mica Seijas","description":"Eleva tus espacios con cer\u00e1mica contempor\u00e1nea. Bowls, floreros, tazas y m\u00e1s, hechos a mano en M\u00e9xico. Estilo natural en cada detalle.","robots":{"index":"index","follow":"follow","max-snippet":"max-snippet:-1","max-image-preview":"max-image-preview:large","max-video-preview":"max-video-preview:-1"},"canonical":"https:\/\/ceramicaseijas.com\/en\/cuidados-de-la-ceramica\/","og_locale":"en_US","og_type":"article","og_title":"Cuidados de la cer\u00e1mica - Cer\u00e1mica Seijas","og_description":"Eleva tus espacios con cer\u00e1mica contempor\u00e1nea. Bowls, floreros, tazas y m\u00e1s, hechos a mano en M\u00e9xico. Estilo natural en cada detalle.","og_url":"https:\/\/ceramicaseijas.com\/en\/cuidados-de-la-ceramica\/","og_site_name":"Cer\u00e1mica Seijas","article_modified_time":"2025-08-13T17:35:41+00:00","og_image":[{"width":1200,"height":630,"url":"https:\/\/ceramicaseijas.com\/wp-content\/uploads\/2025\/07\/og.jpg","type":"image\/jpeg"}],"twitter_card":"summary_large_image","twitter_misc":{"Est. reading time":"1 minute"},"schema":{"@context":"https:\/\/schema.org","@graph":[{"@type":"WebPage","@id":"https:\/\/ceramicaseijas.com\/cuidados-de-la-ceramica\/","url":"https:\/\/ceramicaseijas.com\/cuidados-de-la-ceramica\/","name":"Cuidados de la cer\u00e1mica - Cer\u00e1mica Seijas","isPartOf":{"@id":"https:\/\/ceramicaseijas.com\/#website"},"primaryImageOfPage":{"@id":"https:\/\/ceramicaseijas.com\/cuidados-de-la-ceramica\/#primaryimage"},"image":{"@id":"https:\/\/ceramicaseijas.com\/cuidados-de-la-ceramica\/#primaryimage"},"thumbnailUrl":"https:\/\/ceramicaseijas.com\/wp-content\/uploads\/2025\/07\/og.jpg","datePublished":"2025-08-12T22:20:01+00:00","dateModified":"2025-08-13T17:35:41+00:00","description":"Eleva tus espacios con cer\u00e1mica contempor\u00e1nea. Bowls, floreros, tazas y m\u00e1s, hechos a mano en M\u00e9xico. Estilo natural en cada detalle.","breadcrumb":{"@id":"https:\/\/ceramicaseijas.com\/cuidados-de-la-ceramica\/#breadcrumb"},"inLanguage":"en-US","potentialAction":[{"@type":"ReadAction","target":["https:\/\/ceramicaseijas.com\/cuidados-de-la-ceramica\/"]}]},{"@type":"ImageObject","inLanguage":"en-US","@id":"https:\/\/ceramicaseijas.com\/cuidados-de-la-ceramica\/#primaryimage","url":"https:\/\/ceramicaseijas.com\/wp-content\/uploads\/2025\/07\/og.jpg","contentUrl":"https:\/\/ceramicaseijas.com\/wp-content\/uploads\/2025\/07\/og.jpg","width":1200,"height":630},{"@type":"BreadcrumbList","@id":"https:\/\/ceramicaseijas.com\/cuidados-de-la-ceramica\/#breadcrumb","itemListElement":[{"@type":"ListItem","position":1,"name":"Portada","item":"https:\/\/ceramicaseijas.com\/"},{"@type":"ListItem","position":2,"name":"Cuidados de la cer\u00e1mica"}]},{"@type":"WebSite","@id":"https:\/\/ceramicaseijas.com\/#website","url":"https:\/\/ceramicaseijas.com\/","name":"Cer\u00e1mica Seijas","description":"Cer\u00e1mica artesanal hecha a mano con mucho amor","publisher":{"@id":"https:\/\/ceramicaseijas.com\/#organization"},"potentialAction":[{"@type":"SearchAction","target":{"@type":"EntryPoint","urlTemplate":"https:\/\/ceramicaseijas.com\/?s={search_term_string}"},"query-input":{"@type":"PropertyValueSpecification","valueRequired":true,"valueName":"search_term_string"}}],"inLanguage":"en-US"},{"@type":"Organization","@id":"https:\/\/ceramicaseijas.com\/#organization","name":"Cer\u00e1mica Seijas","url":"https:\/\/ceramicaseijas.com\/","logo":{"@type":"ImageObject","inLanguage":"en-US","@id":"https:\/\/ceramicaseijas.com\/#\/schema\/logo\/image\/","url":"https:\/\/ceramicaseijas.com\/wp-content\/uploads\/2025\/06\/logo-seijas.svg","contentUrl":"https:\/\/ceramicaseijas.com\/wp-content\/uploads\/2025\/06\/logo-seijas.svg","width":200,"height":45,"caption":"Cer\u00e1mica Seijas"},"image":{"@id":"https:\/\/ceramicaseijas.com\/#\/schema\/logo\/image\/"}}]}},"_links":{"self":[{"href":"https:\/\/ceramicaseijas.com\/en\/wp-json\/wp\/v2\/pages\/3144","targetHints":{"allow":["GET"]}}],"collection":[{"href":"https:\/\/ceramicaseijas.com\/en\/wp-json\/wp\/v2\/pages"}],"about":[{"href":"https:\/\/ceramicaseijas.com\/en\/wp-json\/wp\/v2\/types\/page"}],"author":[{"embeddable":true,"href":"https:\/\/ceramicaseijas.com\/en\/wp-json\/wp\/v2\/users\/1"}],"replies":[{"embeddable":true,"href":"https:\/\/ceramicaseijas.com\/en\/wp-json\/wp\/v2\/comments?post=3144"}],"version-history":[{"count":25,"href":"https:\/\/ceramicaseijas.com\/en\/wp-json\/wp\/v2\/pages\/3144\/revisions"}],"predecessor-version":[{"id":3214,"href":"https:\/\/ceramicaseijas.com\/en\/wp-json\/wp\/v2\/pages\/3144\/revisions\/3214"}],"wp:featuredmedia":[{"embeddable":true,"href":"https:\/\/ceramicaseijas.com\/en\/wp-json\/wp\/v2\/media\/2717"}],"wp:attachment":[{"href":"https:\/\/ceramicaseijas.com\/en\/wp-json\/wp\/v2\/media?parent=3144"}],"curies":[{"name":"wp","href":"https:\/\/api.w.org\/{rel}","templated":true}]}}