{"id":894,"date":"2023-01-11T09:28:02","date_gmt":"2023-01-11T09:28:02","guid":{"rendered":"https:\/\/demothemedh.b-cdn.net\/normann\/?page_id=894"},"modified":"2025-08-21T16:01:05","modified_gmt":"2025-08-21T16:01:05","slug":"contacto","status":"publish","type":"page","link":"https:\/\/ceramicaseijas.com\/en\/contacto\/","title":{"rendered":"Contacto"},"content":{"rendered":"<div data-elementor-type=\"wp-page\" data-elementor-id=\"894\" class=\"elementor elementor-894\" data-elementor-post-type=\"page\">\n\t\t\t\t<section class=\"elementor-element elementor-element-114acbf e-con-full e-flex e-con e-parent\" data-id=\"114acbf\" data-element_type=\"container\">\n\t\t<div class=\"elementor-element elementor-element-dbf3069 e-con-full e-flex e-con e-child\" data-id=\"dbf3069\" data-element_type=\"container\">\n\t\t<div class=\"elementor-element elementor-element-8afa2e8 e-con-full e-flex e-con e-child\" data-id=\"8afa2e8\" data-element_type=\"container\">\n\t\t<div class=\"elementor-element elementor-element-43273a2 e-con-full e-flex e-con e-child\" data-id=\"43273a2\" data-element_type=\"container\">\n\t\t<div class=\"elementor-element elementor-element-1c34bda e-con-full e-flex e-con e-child\" data-id=\"1c34bda\" data-element_type=\"container\">\n\t\t<div class=\"elementor-element elementor-element-4b80882 e-con-full e-flex e-con e-child\" data-id=\"4b80882\" data-element_type=\"container\">\n\t\t\t\t<div class=\"elementor-element elementor-element-9822be7 elementor-widget elementor-widget-heading\" data-id=\"9822be7\" data-element_type=\"widget\" data-widget_type=\"heading.default\">\n\t\t\t\t<div class=\"elementor-widget-container\">\n\t\t\t\t\t<h2 class=\"elementor-heading-title elementor-size-default\">Cont\u00e1ctame<\/h2>\t\t\t\t<\/div>\n\t\t\t\t<\/div>\n\t\t\t\t<div class=\"elementor-element elementor-element-72ecff6 elementor-widget elementor-widget-heading\" data-id=\"72ecff6\" data-element_type=\"widget\" data-widget_type=\"heading.default\">\n\t\t\t\t<div class=\"elementor-widget-container\">\n\t\t\t\t\t<p class=\"elementor-heading-title elementor-size-default\">Si deseas realizar alguna cotizaci\u00f3n o llevar de una manera m\u00e1s personalizada el proceso de compra puedes escribirme  en ceramicaseijas@gmail.com y con gusto te ayudo a realizar el pedido.<\/p>\t\t\t\t<\/div>\n\t\t\t\t<\/div>\n\t\t\t\t<div class=\"elementor-element elementor-element-f40652a elementor-widget-divider--view-line elementor-widget elementor-widget-divider\" data-id=\"f40652a\" data-element_type=\"widget\" data-widget_type=\"divider.default\">\n\t\t\t\t<div class=\"elementor-widget-container\">\n\t\t\t\t\t\t\t<div class=\"elementor-divider\">\n\t\t\t<span class=\"elementor-divider-separator\">\n\t\t\t\t\t\t<\/span>\n\t\t<\/div>\n\t\t\t\t\t\t<\/div>\n\t\t\t\t<\/div>\n\t\t\t\t<div class=\"elementor-element elementor-element-985385f elementor-widget elementor-widget-heading\" data-id=\"985385f\" data-element_type=\"widget\" data-widget_type=\"heading.default\">\n\t\t\t\t<div class=\"elementor-widget-container\">\n\t\t\t\t\t<h4 class=\"elementor-heading-title elementor-size-default\">\u00bfTienes alguna duda?<\/h4>\t\t\t\t<\/div>\n\t\t\t\t<\/div>\n\t\t\t\t<div class=\"elementor-element elementor-element-e6d1f04 elementor-widget elementor-widget-heading\" data-id=\"e6d1f04\" data-element_type=\"widget\" data-widget_type=\"heading.default\">\n\t\t\t\t<div class=\"elementor-widget-container\">\n\t\t\t\t\t<p class=\"elementor-heading-title elementor-size-default\">Deja tus datos aqu\u00ed y me pondre en contacto contigo.<\/p>\t\t\t\t<\/div>\n\t\t\t\t<\/div>\n\t\t\t\t<\/div>\n\t\t\t\t<div class=\"elementor-element elementor-element-367c22d elementor-widget elementor-widget-html\" data-id=\"367c22d\" data-element_type=\"widget\" data-widget_type=\"html.default\">\n\t\t\t\t<div class=\"elementor-widget-container\">\n\t\t\t\t\t<script src=\"https:\/\/js.hsforms.net\/forms\/embed\/50369535.js\" defer><\/script>\n<div class=\"hs-form-frame\" data-region=\"na1\" data-form-id=\"30a88bb9-249c-4ec5-bcfd-7a995979a7c0\" data-portal-id=\"50369535\"><\/div>\t\t\t\t<\/div>\n\t\t\t\t<\/div>\n\t\t\t\t<\/div>\n\t\t<div class=\"elementor-element elementor-element-e8d669d e-con-full e-flex e-con e-child\" data-id=\"e8d669d\" data-element_type=\"container\">\n\t\t\t\t<div class=\"elementor-element elementor-element-29b9f86 elementor-widget elementor-widget-image\" data-id=\"29b9f86\" data-element_type=\"widget\" data-widget_type=\"image.default\">\n\t\t\t\t<div class=\"elementor-widget-container\">\n\t\t\t\t\t\t\t\t\t\t\t\t\t\t\t<img fetchpriority=\"high\" width=\"2560\" height=\"2560\" src=\"https:\/\/ceramicaseijas.com\/wp-content\/uploads\/2025\/08\/utencilios-scaled.jpg\" class=\"attachment-full size-full wp-image-3047\" alt=\"Utensilios para crear cer\u00e1mica\" srcset=\"https:\/\/ceramicaseijas.com\/wp-content\/uploads\/2025\/08\/utencilios-scaled.jpg 2560w, https:\/\/ceramicaseijas.com\/wp-content\/uploads\/2025\/08\/utencilios-300x300.jpg 300w, https:\/\/ceramicaseijas.com\/wp-content\/uploads\/2025\/08\/utencilios-1024x1024.jpg 1024w, https:\/\/ceramicaseijas.com\/wp-content\/uploads\/2025\/08\/utencilios-150x150.jpg 150w, https:\/\/ceramicaseijas.com\/wp-content\/uploads\/2025\/08\/utencilios-768x768.jpg 768w, https:\/\/ceramicaseijas.com\/wp-content\/uploads\/2025\/08\/utencilios-1536x1536.jpg 1536w, https:\/\/ceramicaseijas.com\/wp-content\/uploads\/2025\/08\/utencilios-2048x2048.jpg 2048w, https:\/\/ceramicaseijas.com\/wp-content\/uploads\/2025\/08\/utencilios-160x160.jpg 160w, https:\/\/ceramicaseijas.com\/wp-content\/uploads\/2025\/08\/utencilios-800x800.jpg 800w, https:\/\/ceramicaseijas.com\/wp-content\/uploads\/2025\/08\/utencilios-100x100.jpg 100w\" sizes=\"(max-width: 2560px) 100vw, 2560px\" \/>\t\t\t\t\t\t\t\t\t\t\t\t\t\t\t<\/div>\n\t\t\t\t<\/div>\n\t\t\t\t<\/div>\n\t\t\t\t<\/div>\n\t\t\t\t<\/div>\n\t\t\t\t<\/div>\n\t\t\t\t<\/section>\n\t\t\t\t<\/div>","protected":false},"excerpt":{"rendered":"<p>Cont\u00e1ctame Si deseas realizar alguna cotizaci\u00f3n o llevar de una manera m\u00e1s personalizada el proceso de compra puedes escribirme en ceramicaseijas@gmail.com y con gusto te ayudo a realizar el pedido. \u00bfTienes alguna duda? Deja tus datos aqu\u00ed y me pondre en contacto contigo.<\/p>","protected":false},"author":1,"featured_media":0,"parent":0,"menu_order":0,"comment_status":"closed","ping_status":"closed","template":"elementor_header_footer","meta":{"footnotes":""},"class_list":["post-894","page","type-page","status-publish","hentry"],"yoast_head":"<!-- This site is optimized with the Yoast SEO plugin v25.7 - https:\/\/yoast.com\/wordpress\/plugins\/seo\/ -->\n<title>Contacto - Cer\u00e1mica Seijas<\/title>\n<meta name=\"robots\" content=\"index, follow, max-snippet:-1, max-image-preview:large, max-video-preview:-1\" \/>\n<link rel=\"canonical\" href=\"https:\/\/ceramicaseijas.com\/en\/contacto\/\" \/>\n<meta property=\"og:locale\" content=\"en_US\" \/>\n<meta property=\"og:type\" content=\"article\" \/>\n<meta property=\"og:title\" content=\"Contacto - Cer\u00e1mica Seijas\" \/>\n<meta property=\"og:description\" content=\"Cont\u00e1ctame Si deseas realizar alguna cotizaci\u00f3n o llevar de una manera m\u00e1s personalizada el proceso de compra puedes escribirme en ceramicaseijas@gmail.com y con gusto te ayudo a realizar el pedido. \u00bfTienes alguna duda? Deja tus datos aqu\u00ed y me pondre en contacto contigo.\" \/>\n<meta property=\"og:url\" content=\"https:\/\/ceramicaseijas.com\/en\/contacto\/\" \/>\n<meta property=\"og:site_name\" content=\"Cer\u00e1mica Seijas\" \/>\n<meta property=\"article:modified_time\" content=\"2025-08-21T16:01:05+00:00\" \/>\n<meta property=\"og:image\" content=\"https:\/\/ceramicaseijas.com\/wp-content\/uploads\/2025\/08\/utencilios-scaled.jpg\" \/>\n<meta name=\"twitter:card\" content=\"summary_large_image\" \/>\n<meta name=\"twitter:label1\" content=\"Est. reading time\" \/>\n\t<meta name=\"twitter:data1\" content=\"1 minute\" \/>\n<script type=\"application\/ld+json\" class=\"yoast-schema-graph\">{\"@context\":\"https:\/\/schema.org\",\"@graph\":[{\"@type\":\"WebPage\",\"@id\":\"https:\/\/ceramicaseijas.com\/contacto\/\",\"url\":\"https:\/\/ceramicaseijas.com\/contacto\/\",\"name\":\"Contacto - Cer\u00e1mica Seijas\",\"isPartOf\":{\"@id\":\"https:\/\/ceramicaseijas.com\/#website\"},\"primaryImageOfPage\":{\"@id\":\"https:\/\/ceramicaseijas.com\/contacto\/#primaryimage\"},\"image\":{\"@id\":\"https:\/\/ceramicaseijas.com\/contacto\/#primaryimage\"},\"thumbnailUrl\":\"https:\/\/ceramicaseijas.com\/wp-content\/uploads\/2025\/08\/utencilios-scaled.jpg\",\"datePublished\":\"2023-01-11T09:28:02+00:00\",\"dateModified\":\"2025-08-21T16:01:05+00:00\",\"breadcrumb\":{\"@id\":\"https:\/\/ceramicaseijas.com\/contacto\/#breadcrumb\"},\"inLanguage\":\"en-US\",\"potentialAction\":[{\"@type\":\"ReadAction\",\"target\":[\"https:\/\/ceramicaseijas.com\/contacto\/\"]}]},{\"@type\":\"ImageObject\",\"inLanguage\":\"en-US\",\"@id\":\"https:\/\/ceramicaseijas.com\/contacto\/#primaryimage\",\"url\":\"https:\/\/ceramicaseijas.com\/wp-content\/uploads\/2025\/08\/utencilios-scaled.jpg\",\"contentUrl\":\"https:\/\/ceramicaseijas.com\/wp-content\/uploads\/2025\/08\/utencilios-scaled.jpg\"},{\"@type\":\"BreadcrumbList\",\"@id\":\"https:\/\/ceramicaseijas.com\/contacto\/#breadcrumb\",\"itemListElement\":[{\"@type\":\"ListItem\",\"position\":1,\"name\":\"Portada\",\"item\":\"https:\/\/ceramicaseijas.com\/\"},{\"@type\":\"ListItem\",\"position\":2,\"name\":\"Contacto\"}]},{\"@type\":\"WebSite\",\"@id\":\"https:\/\/ceramicaseijas.com\/#website\",\"url\":\"https:\/\/ceramicaseijas.com\/\",\"name\":\"Cer\u00e1mica Seijas\",\"description\":\"Cer\u00e1mica artesanal hecha a mano con mucho amor\",\"publisher\":{\"@id\":\"https:\/\/ceramicaseijas.com\/#organization\"},\"potentialAction\":[{\"@type\":\"SearchAction\",\"target\":{\"@type\":\"EntryPoint\",\"urlTemplate\":\"https:\/\/ceramicaseijas.com\/?s={search_term_string}\"},\"query-input\":{\"@type\":\"PropertyValueSpecification\",\"valueRequired\":true,\"valueName\":\"search_term_string\"}}],\"inLanguage\":\"en-US\"},{\"@type\":\"Organization\",\"@id\":\"https:\/\/ceramicaseijas.com\/#organization\",\"name\":\"Cer\u00e1mica Seijas\",\"url\":\"https:\/\/ceramicaseijas.com\/\",\"logo\":{\"@type\":\"ImageObject\",\"inLanguage\":\"en-US\",\"@id\":\"https:\/\/ceramicaseijas.com\/#\/schema\/logo\/image\/\",\"url\":\"https:\/\/ceramicaseijas.com\/wp-content\/uploads\/2025\/06\/logo-seijas.svg\",\"contentUrl\":\"https:\/\/ceramicaseijas.com\/wp-content\/uploads\/2025\/06\/logo-seijas.svg\",\"width\":200,\"height\":45,\"caption\":\"Cer\u00e1mica Seijas\"},\"image\":{\"@id\":\"https:\/\/ceramicaseijas.com\/#\/schema\/logo\/image\/\"}}]}<\/script>\n<!-- \/ Yoast SEO plugin. -->","yoast_head_json":{"title":"Contacto - Cer\u00e1mica Seijas","robots":{"index":"index","follow":"follow","max-snippet":"max-snippet:-1","max-image-preview":"max-image-preview:large","max-video-preview":"max-video-preview:-1"},"canonical":"https:\/\/ceramicaseijas.com\/en\/contacto\/","og_locale":"en_US","og_type":"article","og_title":"Contacto - Cer\u00e1mica Seijas","og_description":"Cont\u00e1ctame Si deseas realizar alguna cotizaci\u00f3n o llevar de una manera m\u00e1s personalizada el proceso de compra puedes escribirme en ceramicaseijas@gmail.com y con gusto te ayudo a realizar el pedido. \u00bfTienes alguna duda? Deja tus datos aqu\u00ed y me pondre en contacto contigo.","og_url":"https:\/\/ceramicaseijas.com\/en\/contacto\/","og_site_name":"Cer\u00e1mica Seijas","article_modified_time":"2025-08-21T16:01:05+00:00","og_image":[{"url":"https:\/\/ceramicaseijas.com\/wp-content\/uploads\/2025\/08\/utencilios-scaled.jpg","type":"","width":"","height":""}],"twitter_card":"summary_large_image","twitter_misc":{"Est. reading time":"1 minute"},"schema":{"@context":"https:\/\/schema.org","@graph":[{"@type":"WebPage","@id":"https:\/\/ceramicaseijas.com\/contacto\/","url":"https:\/\/ceramicaseijas.com\/contacto\/","name":"Contacto - Cer\u00e1mica Seijas","isPartOf":{"@id":"https:\/\/ceramicaseijas.com\/#website"},"primaryImageOfPage":{"@id":"https:\/\/ceramicaseijas.com\/contacto\/#primaryimage"},"image":{"@id":"https:\/\/ceramicaseijas.com\/contacto\/#primaryimage"},"thumbnailUrl":"https:\/\/ceramicaseijas.com\/wp-content\/uploads\/2025\/08\/utencilios-scaled.jpg","datePublished":"2023-01-11T09:28:02+00:00","dateModified":"2025-08-21T16:01:05+00:00","breadcrumb":{"@id":"https:\/\/ceramicaseijas.com\/contacto\/#breadcrumb"},"inLanguage":"en-US","potentialAction":[{"@type":"ReadAction","target":["https:\/\/ceramicaseijas.com\/contacto\/"]}]},{"@type":"ImageObject","inLanguage":"en-US","@id":"https:\/\/ceramicaseijas.com\/contacto\/#primaryimage","url":"https:\/\/ceramicaseijas.com\/wp-content\/uploads\/2025\/08\/utencilios-scaled.jpg","contentUrl":"https:\/\/ceramicaseijas.com\/wp-content\/uploads\/2025\/08\/utencilios-scaled.jpg"},{"@type":"BreadcrumbList","@id":"https:\/\/ceramicaseijas.com\/contacto\/#breadcrumb","itemListElement":[{"@type":"ListItem","position":1,"name":"Portada","item":"https:\/\/ceramicaseijas.com\/"},{"@type":"ListItem","position":2,"name":"Contacto"}]},{"@type":"WebSite","@id":"https:\/\/ceramicaseijas.com\/#website","url":"https:\/\/ceramicaseijas.com\/","name":"Cer\u00e1mica Seijas","description":"Cer\u00e1mica artesanal hecha a mano con mucho amor","publisher":{"@id":"https:\/\/ceramicaseijas.com\/#organization"},"potentialAction":[{"@type":"SearchAction","target":{"@type":"EntryPoint","urlTemplate":"https:\/\/ceramicaseijas.com\/?s={search_term_string}"},"query-input":{"@type":"PropertyValueSpecification","valueRequired":true,"valueName":"search_term_string"}}],"inLanguage":"en-US"},{"@type":"Organization","@id":"https:\/\/ceramicaseijas.com\/#organization","name":"Cer\u00e1mica Seijas","url":"https:\/\/ceramicaseijas.com\/","logo":{"@type":"ImageObject","inLanguage":"en-US","@id":"https:\/\/ceramicaseijas.com\/#\/schema\/logo\/image\/","url":"https:\/\/ceramicaseijas.com\/wp-content\/uploads\/2025\/06\/logo-seijas.svg","contentUrl":"https:\/\/ceramicaseijas.com\/wp-content\/uploads\/2025\/06\/logo-seijas.svg","width":200,"height":45,"caption":"Cer\u00e1mica Seijas"},"image":{"@id":"https:\/\/ceramicaseijas.com\/#\/schema\/logo\/image\/"}}]}},"_links":{"self":[{"href":"https:\/\/ceramicaseijas.com\/en\/wp-json\/wp\/v2\/pages\/894","targetHints":{"allow":["GET"]}}],"collection":[{"href":"https:\/\/ceramicaseijas.com\/en\/wp-json\/wp\/v2\/pages"}],"about":[{"href":"https:\/\/ceramicaseijas.com\/en\/wp-json\/wp\/v2\/types\/page"}],"author":[{"embeddable":true,"href":"https:\/\/ceramicaseijas.com\/en\/wp-json\/wp\/v2\/users\/1"}],"replies":[{"embeddable":true,"href":"https:\/\/ceramicaseijas.com\/en\/wp-json\/wp\/v2\/comments?post=894"}],"version-history":[{"count":73,"href":"https:\/\/ceramicaseijas.com\/en\/wp-json\/wp\/v2\/pages\/894\/revisions"}],"predecessor-version":[{"id":3123,"href":"https:\/\/ceramicaseijas.com\/en\/wp-json\/wp\/v2\/pages\/894\/revisions\/3123"}],"wp:attachment":[{"href":"https:\/\/ceramicaseijas.com\/en\/wp-json\/wp\/v2\/media?parent=894"}],"curies":[{"name":"wp","href":"https:\/\/api.w.org\/{rel}","templated":true}]}}